{"id":479,"date":"2020-11-23T12:59:24","date_gmt":"2020-11-23T10:59:24","guid":{"rendered":"https:\/\/majakkalaiva.fi\/?page_id=479"},"modified":"2020-11-23T12:59:24","modified_gmt":"2020-11-23T10:59:24","slug":"toimitus-ja-maksuehdot","status":"publish","type":"page","link":"https:\/\/majakkalaiva.fi\/en\/toimitus-ja-maksuehdot\/","title":{"rendered":"Shipping &amp; Payment Terms"},"content":{"rendered":"<h2>Toimitusehdot<\/h2>\n<p><strong>Maksutavat<\/strong><br \/>\nMajakkalaiva.fi verkkokaupassa on k\u00e4yt\u00f6ss\u00e4 Checkout Finland Oy:n tarjoamat maksutavat:<br \/>\nVerkkomaksut (yleisimm\u00e4t verkkopankit)<br \/>\nVisa \/ Visa Electron<br \/>\nMastercard<br \/>\nKuitti tilauksesta ja maksusta on ladattavissa tilausseurannan sivuilta tai kirjautumisen j\u00e4lkeen Oma Tili -sivulta.<\/p>\n<p><strong>Toimitustavat<\/strong><br \/>\nOy Majakkalaiva verkkokauppa k\u00e4ytt\u00e4\u00e4 l\u00e4hetysten toimittamiseen Posti Oy:n sek\u00e4 \u00c4rr\u00e4paketti palveluita. Toimitamme l\u00e4hetyksi\u00e4 vain Suomen ja Ahvenanmaan alueille. Mik\u00e4li haluat noutaa tuotteet suoraan Majakkalaivalta Helsingist\u00e4, valitse sinulle sopivin noutop\u00e4iv\u00e4 tai ole yhteydess\u00e4 info@majakkalaiva.fi.<\/p>\n<p><strong>Hinnat<\/strong><br \/>\nVoimassa oleva hinta on ilmoitettu verkkokaupassamme. Hinnat on merkitty euroissa. Oy Majakkalaiva verkkokauppa pid\u00e4tt\u00e4\u00e4 oikeuden hinnanmuutoksiin. Hinnat sis\u00e4lt\u00e4v\u00e4t arvonlis\u00e4veron 14% tai 24 %.<\/p>\n<p><strong>Toimituskulut<\/strong><br \/>\nL\u00e4hetyskulut kaikkialle Suomeen ovat kiinte\u00e4 13\u20ac. Valittavana on mahdollisesti my\u00f6s lis\u00e4maksullisia vaihtoehtoisia toimitustapoja, kuten kotiinkuljetus.<\/p>\n<p><strong>Myyntialue<\/strong><br \/>\nVerkkokaupassa myyt\u00e4vi\u00e4 tuotteita toimitetaan toistaiseksi vain Suomeen ja Ahvenanmaalle.<\/p>\n<p><strong>Toimitusaika<\/strong><br \/>\nTilaukset pyrit\u00e4\u00e4n postittamaan 4vrk sis\u00e4ll\u00e4 tilauksesta, kuitenkin viimeist\u00e4\u00e4n kuuden arkip\u00e4iv\u00e4n kuluessa tilauksesta. Jos jokin tilaamasi tuote on loppunut, ilmoitamme siit\u00e4 sinulle mahdollisimman pian. L\u00e4het\u00e4mme halutessasi koko tilauksen heti puuttuvan tuotteen saatuamme. Tilaukset pyrit\u00e4\u00e4n toimittamaan t\u00e4ydellisin\u00e4. Mik\u00e4li jokin tuote on pidempiaikaisesti loppu emmek\u00e4 pysty saamaan sit\u00e4 kohtuullisen ajan kuluessa, tilaus voidaan toimittaa osissa.<\/p>\n<p><strong>Reklamaatio ja viallinen tuote<\/strong><br \/>\nMik\u00e4li ostajalle toimitetaan v\u00e4\u00e4r\u00e4 tuote tai tuote on vaurioitunut, asiakkaan on ilmoitettava t\u00e4st\u00e4 myyj\u00e4lle (Oy majakkalaiva Ab) mahdollisimman pian. Tuotteen voi palauttaa reklamaation j\u00e4lkeen annettujen ohjeiden mukaisesti. Uusi tuote postitetaan asiakkaalle mahdollisimman pian.<br \/>\nPalautus- ja vaihtotarpeet info@majakkalaiva.fi<\/p>\n<p><strong>Vaihto- ja palautusoikeus (peruuttamisoikeus)<\/strong><br \/>\nKaikilla tuotteilla on t\u00e4ysi 14 p\u00e4iv\u00e4n palautusoikeus. Palautusoikeuden m\u00e4\u00e4r\u00e4aika p\u00e4\u00e4ttyy 14 p\u00e4iv\u00e4n kuluttua siit\u00e4, kun tilattu tuote on vastaanotettu. Peruuttamisoikeuden m\u00e4\u00e4r\u00e4ajan noudattamiseksi riitt\u00e4\u00e4, ett\u00e4 asiakas l\u00e4hett\u00e4\u00e4 ilmoituksen peruuttamisoikeuden k\u00e4yt\u00f6st\u00e4 ennen peruuttamisajan p\u00e4\u00e4ttymist\u00e4. Palautus on teht\u00e4v\u00e4 viipym\u00e4tt\u00e4.<\/p>\n<p>Palautusoikeuden k\u00e4ytt\u00e4miseksi asiakkaan on ehdottomasti ilmoitettava meille p\u00e4\u00e4t\u00f6ksest\u00e4 peruuttaa tilaus s\u00e4hk\u00f6isesti info@majakkalaiva.fi<\/p>\n<p>Mik\u00e4li tilaus palautetaan kokonaisuudessaan, pid\u00e4mme oikeuden pid\u00e4tt\u00e4\u00e4 postikulut palautettavasta summasta. Palautuksen postikulut j\u00e4\u00e4 my\u00f6s asiakkaan maksettavaksi.<\/p>\n<p><strong>Peruuttamisoikeuden vaikutukset<\/strong><br \/>\nTilauksen peruutuksissa ja palautuksissa Oy Majakkalaiva Ab verkkokauppa palauttaa kaikki asiakkaalta saadut suoritukset viivytyksett\u00e4 ja joka tapauksessa viimeist\u00e4\u00e4n 30 p\u00e4iv\u00e4n kuluttua palautuksen vastaanottamisesta. Maksunpalautus suoritetaan asiakkaalle sill\u00e4 maksutavalla, jota asiakas on k\u00e4ytt\u00e4nyt alkuper\u00e4isess\u00e4 liiketoimessa, ellei myyj\u00e4n ja asiakkaan v\u00e4lill\u00e4 ole toisin sovittu. Asiakkaalle ei aiheudu maksunpalautuksesta erillisi\u00e4 kustannuksia. Oy Majakkalaiva Ab verkkokauppa voi pid\u00e4tt\u00e4yty\u00e4 maksujen palautuksesta, kunnes palautettava tavara on vastaanotettu tai asiakas on osoittanut l\u00e4hett\u00e4neens\u00e4 tavaran takaisin.<br \/>\nAsiakkaan on l\u00e4hetett\u00e4v\u00e4 tavarat takaisin viivytyksett\u00e4 ja viimeist\u00e4\u00e4n 14 p\u00e4iv\u00e4n kuluttua peruuttamisilmoituksen tekemisest\u00e4. M\u00e4\u00e4r\u00e4aikaa on noudatettu, jos asiakas l\u00e4hett\u00e4\u00e4 tavarat takaisin ennen kyseisen 14 p\u00e4iv\u00e4n m\u00e4\u00e4r\u00e4ajan p\u00e4\u00e4ttymist\u00e4.<br \/>\nPalautettavan tuotteen tulee olla alkuper\u00e4isess\u00e4 pakkauksessaan, alkuper\u00e4isess\u00e4 kunnossa. Palautettavassa tuotteessa tulee olla paikallaan kaikki tuotemerkinn\u00e4t ja -laput. Palautettava tuote ei saa olla olennaisesti muuttunut. Palautuksen mukana tulee olla kaikki osat, varusteet ja mahdolliset lis\u00e4varusteet. Mik\u00e4li tuotetta on k\u00e4ytetty tai sit\u00e4 on k\u00e4sitelty huolimattomasti, vastaa asiakas tuotteen arvon alentumisesta sen t\u00e4yteen arvoon saakka.<\/p>\n<p><strong>Noutamatta j\u00e4tetty tilaus<\/strong><br \/>\nHuom! Noutamaton l\u00e4hetys ei ole sama asia kuin tuotteen palautus.<br \/>\nMik\u00e4li asiakas j\u00e4tt\u00e4\u00e4 noutamatta postista tilaamansa tuotteet, perit\u00e4\u00e4n h\u00e4nelt\u00e4 l\u00e4hetyksen palauduttua takaisin Oy Majakkalaiva Ablle 26,00\u20ac toimitus- ja k\u00e4sittelymaksua. Maksu vastaa suuruudeltaan palautuksen, toimituksen ja k\u00e4sittelyn todellisia kustannuksia. Asiakkaalle hyvitet\u00e4\u00e4n siten tilauksen arvo v\u00e4hennettyn\u00e4 toimitus- ja k\u00e4sittelymaksulla (26,00\u20ac).<\/p>\n<p><strong>Palautukset<\/strong><br \/>\nKaikista palautuksista on sovittava myyj\u00e4n kanssa etuk\u00e4teen ja teht\u00e4v\u00e4 asianmukainen peruuttamisilmoitus. Palautukset tulee tehd\u00e4 Postin palvelua k\u00e4ytt\u00e4en Oy Majakkalaiva Abn verkkokaupan antamien ohjeiden mukaisesti. Emme lunasta postiennakko-, postipaketti- tai matkahuollon palautuksia.<\/p>\n<p><strong>Palautusohje:<\/strong><br \/>\nMik\u00e4li palautatte tuotteen, muistakaa lis\u00e4t\u00e4 palautukseen tilauksen mukana saapunut l\u00e4hetyslista tai muu dokumentti, josta n\u00e4kyy nimenne ja\/tai tilauksenne numero. N\u00e4in osaamme yhdist\u00e4\u00e4 palautuneen l\u00e4hetyksen oikeaan tilaukseen.<\/p>\n<h2>Maksuhehdot:<\/h2>\n<p><strong>Pankkimaksut<\/strong><br \/>\nK\u00e4yt\u00f6ss\u00e4si on kaikkien suomalaisten pankkien maksupainikkeet. Voit maksaa Aktian, Danske Bankin, Handelsbankenin, Nordean, Oma S\u00e4\u00e4st\u00f6pankin, Osuuspankin, POP-pankin, S\u00e4\u00e4st\u00f6pankin, S-pankin ja \u00c5landsbankenin maksupainikkeilla. Tiliotteellasi maksunsaajana n\u00e4kyy Checkout Finland Oy, me v\u00e4lit\u00e4mme maksusi verkkokauppiaalle. Verkkokaupasta sinut ohjataan suoraan omaan pankkiisi suorittamaan maksu turvallisesti.<\/p>\n<p>Maksutoimeksiantopalvelua k\u00e4ytt\u00e4ess\u00e4si sinua sitoo seuraavat ehdot: <a href=\"https:\/\/cdn2.hubspot.net\/hubfs\/2610868\/checkout\/ehdot-ja-sopimukset\/Checkout-maksutoimeksiantopalvelun-ehdot.pdf\" target=\"_blank\" rel=\"noopener noreferrer\">Maksutoimeksiantopalvelun ehdot<\/a>. (english)<\/p>\n<p><strong>Luottokorttimaksut<\/strong><br \/>\nVoit maksaa verkkokaupassa Visa-, Visa Debit-, Visa Electron-, MasterCard-, Debit MasterCard &#8211; ja American Express -korteilla. Verkkokaupassa ovat k\u00e4yt\u00f6ss\u00e4 kansainv\u00e4liset Verified by Visa -, MasterCard SecureCode &#8211; ja American Express SafeKey -todentamispalvelut. Checkout n\u00e4kyy maksun saajana korttilaskulla ja v\u00e4litt\u00e4\u00e4 asiakkaan maksaman maksukorttimaksun suoraan kauppiaalle. Korttimaksaminen tapahtuu turvallisesti suojatulla maksulomakkeella eik\u00e4 maksukortin tietoja tallenneta verkkokaupan j\u00e4rjestelmiin.<\/p>","protected":false},"excerpt":{"rendered":"<p>Toimitusehdot Maksutavat Majakkalaiva.fi verkkokaupassa on k\u00e4yt\u00f6ss\u00e4 Checkout Finland Oy:n tarjoamat maksutavat: Verkkomaksut (yleisimm\u00e4t verkkopankit) Visa \/ Visa Electron Mastercard Kuitti tilauksesta ja maksusta on ladattavissa tilausseurannan sivuilta tai kirjautumisen j\u00e4lkeen Oma Tili -sivulta. Toimitustavat Oy Majakkalaiva verkkokauppa k\u00e4ytt\u00e4\u00e4 l\u00e4hetysten toimittamiseen Posti Oy:n sek\u00e4 \u00c4rr\u00e4paketti palveluita. Toimitamme l\u00e4hetyksi\u00e4 vain Suomen ja Ahvenanmaan alueille. Mik\u00e4li haluat noutaa [&hellip;]<\/p>","protected":false},"author":1,"featured_media":0,"parent":0,"menu_order":0,"comment_status":"closed","ping_status":"closed","template":"","meta":{"_et_pb_use_builder":"","_et_pb_old_content":"","_et_gb_content_width":"","footnotes":""},"class_list":["post-479","page","type-page","status-publish","hentry"],"yoast_head":"<!-- This site is optimized with the Yoast SEO plugin v26.9 - https:\/\/yoast.com\/product\/yoast-seo-wordpress\/ -->\n<title>Toimitus- ja maksuehdot - Majakkalaiva Relandersgrund<\/title>\n<meta name=\"robots\" content=\"index, follow, max-snippet:-1, max-image-preview:large, max-video-preview:-1\" \/>\n<link rel=\"canonical\" href=\"https:\/\/majakkalaiva.fi\/en\/toimitus-ja-maksuehdot\/\" \/>\n<meta property=\"og:locale\" content=\"en_US\" \/>\n<meta property=\"og:type\" content=\"article\" \/>\n<meta property=\"og:title\" content=\"Toimitus- ja maksuehdot - Majakkalaiva Relandersgrund\" \/>\n<meta property=\"og:description\" content=\"Toimitusehdot Maksutavat Majakkalaiva.fi verkkokaupassa on k\u00e4yt\u00f6ss\u00e4 Checkout Finland Oy:n tarjoamat maksutavat: Verkkomaksut (yleisimm\u00e4t verkkopankit) Visa \/ Visa Electron Mastercard Kuitti tilauksesta ja maksusta on ladattavissa tilausseurannan sivuilta tai kirjautumisen j\u00e4lkeen Oma Tili -sivulta. Toimitustavat Oy Majakkalaiva verkkokauppa k\u00e4ytt\u00e4\u00e4 l\u00e4hetysten toimittamiseen Posti Oy:n sek\u00e4 \u00c4rr\u00e4paketti palveluita. Toimitamme l\u00e4hetyksi\u00e4 vain Suomen ja Ahvenanmaan alueille. Mik\u00e4li haluat noutaa [&hellip;]\" \/>\n<meta property=\"og:url\" content=\"https:\/\/majakkalaiva.fi\/en\/toimitus-ja-maksuehdot\/\" \/>\n<meta property=\"og:site_name\" content=\"Majakkalaiva Relandersgrund\" \/>\n<meta property=\"article:publisher\" content=\"https:\/\/www.facebook.com\/Relandersgrund\" \/>\n<meta name=\"twitter:card\" content=\"summary_large_image\" \/>\n<meta name=\"twitter:label1\" content=\"Est. reading time\" \/>\n\t<meta name=\"twitter:data1\" content=\"4 minutes\" \/>\n<script type=\"application\/ld+json\" class=\"yoast-schema-graph\">{\"@context\":\"https:\/\/schema.org\",\"@graph\":[{\"@type\":\"WebPage\",\"@id\":\"https:\/\/majakkalaiva.fi\/toimitus-ja-maksuehdot\/\",\"url\":\"https:\/\/majakkalaiva.fi\/toimitus-ja-maksuehdot\/\",\"name\":\"Toimitus- ja maksuehdot - Majakkalaiva Relandersgrund\",\"isPartOf\":{\"@id\":\"https:\/\/majakkalaiva.fi\/#website\"},\"datePublished\":\"2020-11-23T10:59:24+00:00\",\"breadcrumb\":{\"@id\":\"https:\/\/majakkalaiva.fi\/toimitus-ja-maksuehdot\/#breadcrumb\"},\"inLanguage\":\"en-US\",\"potentialAction\":[{\"@type\":\"ReadAction\",\"target\":[\"https:\/\/majakkalaiva.fi\/toimitus-ja-maksuehdot\/\"]}]},{\"@type\":\"BreadcrumbList\",\"@id\":\"https:\/\/majakkalaiva.fi\/toimitus-ja-maksuehdot\/#breadcrumb\",\"itemListElement\":[{\"@type\":\"ListItem\",\"position\":1,\"name\":\"Etusivu\",\"item\":\"https:\/\/majakkalaiva.fi\/\"},{\"@type\":\"ListItem\",\"position\":2,\"name\":\"Toimitus- ja maksuehdot\"}]},{\"@type\":\"WebSite\",\"@id\":\"https:\/\/majakkalaiva.fi\/#website\",\"url\":\"https:\/\/majakkalaiva.fi\/\",\"name\":\"Majakkalaiva Relandersgrund\",\"description\":\"Suomen vanhin majakkalaiva Relandersgrund tarjoaa korkeatasoiset ja merelliset puitteet juhliin ja tapahtumiin Helsingin syd\u00e4mess\u00e4.\",\"publisher\":{\"@id\":\"https:\/\/majakkalaiva.fi\/#organization\"},\"potentialAction\":[{\"@type\":\"SearchAction\",\"target\":{\"@type\":\"EntryPoint\",\"urlTemplate\":\"https:\/\/majakkalaiva.fi\/?s={search_term_string}\"},\"query-input\":{\"@type\":\"PropertyValueSpecification\",\"valueRequired\":true,\"valueName\":\"search_term_string\"}}],\"inLanguage\":\"en-US\"},{\"@type\":\"Organization\",\"@id\":\"https:\/\/majakkalaiva.fi\/#organization\",\"name\":\"Majakkalaiva Relandersgrund\",\"url\":\"https:\/\/majakkalaiva.fi\/\",\"logo\":{\"@type\":\"ImageObject\",\"inLanguage\":\"en-US\",\"@id\":\"https:\/\/majakkalaiva.fi\/#\/schema\/logo\/image\/\",\"url\":\"https:\/\/majakkalaiva.fi\/wp-content\/uploads\/Untitled-design-11-1.png\",\"contentUrl\":\"https:\/\/majakkalaiva.fi\/wp-content\/uploads\/Untitled-design-11-1.png\",\"width\":500,\"height\":500,\"caption\":\"Majakkalaiva Relandersgrund\"},\"image\":{\"@id\":\"https:\/\/majakkalaiva.fi\/#\/schema\/logo\/image\/\"},\"sameAs\":[\"https:\/\/www.facebook.com\/Relandersgrund\",\"https:\/\/www.instagram.com\/relandersgrund\/\"]}]}<\/script>\n<!-- \/ Yoast SEO plugin. -->","yoast_head_json":{"title":"Toimitus- ja maksuehdot - Majakkalaiva Relandersgrund","robots":{"index":"index","follow":"follow","max-snippet":"max-snippet:-1","max-image-preview":"max-image-preview:large","max-video-preview":"max-video-preview:-1"},"canonical":"https:\/\/majakkalaiva.fi\/en\/toimitus-ja-maksuehdot\/","og_locale":"en_US","og_type":"article","og_title":"Toimitus- ja maksuehdot - Majakkalaiva Relandersgrund","og_description":"Toimitusehdot Maksutavat Majakkalaiva.fi verkkokaupassa on k\u00e4yt\u00f6ss\u00e4 Checkout Finland Oy:n tarjoamat maksutavat: Verkkomaksut (yleisimm\u00e4t verkkopankit) Visa \/ Visa Electron Mastercard Kuitti tilauksesta ja maksusta on ladattavissa tilausseurannan sivuilta tai kirjautumisen j\u00e4lkeen Oma Tili -sivulta. Toimitustavat Oy Majakkalaiva verkkokauppa k\u00e4ytt\u00e4\u00e4 l\u00e4hetysten toimittamiseen Posti Oy:n sek\u00e4 \u00c4rr\u00e4paketti palveluita. Toimitamme l\u00e4hetyksi\u00e4 vain Suomen ja Ahvenanmaan alueille. Mik\u00e4li haluat noutaa [&hellip;]","og_url":"https:\/\/majakkalaiva.fi\/en\/toimitus-ja-maksuehdot\/","og_site_name":"Majakkalaiva Relandersgrund","article_publisher":"https:\/\/www.facebook.com\/Relandersgrund","twitter_card":"summary_large_image","twitter_misc":{"Est. reading time":"4 minutes"},"schema":{"@context":"https:\/\/schema.org","@graph":[{"@type":"WebPage","@id":"https:\/\/majakkalaiva.fi\/toimitus-ja-maksuehdot\/","url":"https:\/\/majakkalaiva.fi\/toimitus-ja-maksuehdot\/","name":"Toimitus- ja maksuehdot - Majakkalaiva Relandersgrund","isPartOf":{"@id":"https:\/\/majakkalaiva.fi\/#website"},"datePublished":"2020-11-23T10:59:24+00:00","breadcrumb":{"@id":"https:\/\/majakkalaiva.fi\/toimitus-ja-maksuehdot\/#breadcrumb"},"inLanguage":"en-US","potentialAction":[{"@type":"ReadAction","target":["https:\/\/majakkalaiva.fi\/toimitus-ja-maksuehdot\/"]}]},{"@type":"BreadcrumbList","@id":"https:\/\/majakkalaiva.fi\/toimitus-ja-maksuehdot\/#breadcrumb","itemListElement":[{"@type":"ListItem","position":1,"name":"Etusivu","item":"https:\/\/majakkalaiva.fi\/"},{"@type":"ListItem","position":2,"name":"Toimitus- ja maksuehdot"}]},{"@type":"WebSite","@id":"https:\/\/majakkalaiva.fi\/#website","url":"https:\/\/majakkalaiva.fi\/","name":"Majakkalaiva Relandersgrund","description":"Suomen vanhin majakkalaiva Relandersgrund tarjoaa korkeatasoiset ja merelliset puitteet juhliin ja tapahtumiin Helsingin syd\u00e4mess\u00e4.","publisher":{"@id":"https:\/\/majakkalaiva.fi\/#organization"},"potentialAction":[{"@type":"SearchAction","target":{"@type":"EntryPoint","urlTemplate":"https:\/\/majakkalaiva.fi\/?s={search_term_string}"},"query-input":{"@type":"PropertyValueSpecification","valueRequired":true,"valueName":"search_term_string"}}],"inLanguage":"en-US"},{"@type":"Organization","@id":"https:\/\/majakkalaiva.fi\/#organization","name":"Majakkalaiva Relandersgrund","url":"https:\/\/majakkalaiva.fi\/","logo":{"@type":"ImageObject","inLanguage":"en-US","@id":"https:\/\/majakkalaiva.fi\/#\/schema\/logo\/image\/","url":"https:\/\/majakkalaiva.fi\/wp-content\/uploads\/Untitled-design-11-1.png","contentUrl":"https:\/\/majakkalaiva.fi\/wp-content\/uploads\/Untitled-design-11-1.png","width":500,"height":500,"caption":"Majakkalaiva Relandersgrund"},"image":{"@id":"https:\/\/majakkalaiva.fi\/#\/schema\/logo\/image\/"},"sameAs":["https:\/\/www.facebook.com\/Relandersgrund","https:\/\/www.instagram.com\/relandersgrund\/"]}]}},"_links":{"self":[{"href":"https:\/\/majakkalaiva.fi\/en\/wp-json\/wp\/v2\/pages\/479","targetHints":{"allow":["GET"]}}],"collection":[{"href":"https:\/\/majakkalaiva.fi\/en\/wp-json\/wp\/v2\/pages"}],"about":[{"href":"https:\/\/majakkalaiva.fi\/en\/wp-json\/wp\/v2\/types\/page"}],"author":[{"embeddable":true,"href":"https:\/\/majakkalaiva.fi\/en\/wp-json\/wp\/v2\/users\/1"}],"replies":[{"embeddable":true,"href":"https:\/\/majakkalaiva.fi\/en\/wp-json\/wp\/v2\/comments?post=479"}],"version-history":[{"count":1,"href":"https:\/\/majakkalaiva.fi\/en\/wp-json\/wp\/v2\/pages\/479\/revisions"}],"predecessor-version":[{"id":480,"href":"https:\/\/majakkalaiva.fi\/en\/wp-json\/wp\/v2\/pages\/479\/revisions\/480"}],"wp:attachment":[{"href":"https:\/\/majakkalaiva.fi\/en\/wp-json\/wp\/v2\/media?parent=479"}],"curies":[{"name":"wp","href":"https:\/\/api.w.org\/{rel}","templated":true}]}}